{"id":527,"date":"2018-05-23T23:43:11","date_gmt":"2018-05-23T21:43:11","guid":{"rendered":"http:\/\/robertrittermann.com\/?page_id=527"},"modified":"2018-05-24T19:50:52","modified_gmt":"2018-05-24T17:50:52","slug":"datenschutzerklaerung","status":"publish","type":"page","link":"https:\/\/robertrittermann.com\/index.php\/datenschutzerklaerung\/","title":{"rendered":"PRIVACY POLICY"},"content":{"rendered":"<p>DATENSCHUTZERKL\u00c4RUNG<\/p>\n<p>Robert Rittermann<br \/>\nLaubengang 14<br \/>\n42279 Wuppertal<\/p>\n<p>Kontakt<br \/>\nE-Mail: contact@robertrittermann.com<\/p>\n<div id=\"ts-muster-generator-titelcontent-74\" class=\"ts-muster-generator-titelcontent\">\n<h3 id=\"dsg-services-agency\">Agenturdienstleistungen<\/h3>\n<p><span class=\"ts-muster-content\">Wir verarbeiten die Daten unserer Kunden im Rahmen unserer vertraglichen Leistungen zu denen konzeptionelle und strategische Beratung, Kampagnenplanung, Software- und Designentwicklung\/-beratung oder Pflege, Umsetzung von Kampagnen und Prozessen\/ Handling, Serveradministration, Datenanalyse\/ Beratungsleistungen und Schulungsleistungen geh\u00f6ren.<\/span><\/p>\n<p>Hierbei verarbeiten wir Bestandsdaten (z.B., Kundenstammdaten, wie Namen oder Adressen), Kontaktdaten (z.B., E-Mail, Telefonnummern), Inhaltsdaten (z.B., Texteingaben, Fotografien, Videos), Vertragsdaten (z.B., Vertragsgegenstand, Laufzeit), Zahlungsdaten (z.B., Bankverbindung, Zahlungshistorie), Nutzungs- und Metadaten (z.B. im Rahmen der Auswertung und Erfolgsmessung von Marketingma\u00dfnahmen). Besondere Kategorien personenbezogener Daten verarbeiten wir grunds\u00e4tzlich nicht, au\u00dfer wenn diese Bestandteile einer beauftragten Verarbeitung sind. Zu den Betroffenen geh\u00f6ren unsere Kunden, Interessenten sowie deren Kunden, Nutzer, Websitebesucher oder Mitarbeiter sowie Dritte. Der Zweck der Verarbeitung besteht in der Erbringung von Vertragsleistungen, Abrechnung und unserem Kundenservice. Die Rechtsgrundlagen der Verarbeitung ergeben sich aus Art. 6 Abs. 1 lit. b DSGVO (vertragliche Leistungen), Art. 6 Abs. 1 lit. f DSGVO (Analyse, Statistik, Optimierung, Sicherheitsma\u00dfnahmen). Wir verarbeiten Daten, die zur Begr\u00fcndung und Erf\u00fcllung der vertraglichen Leistungen erforderlich sind und weisen auf die Erforderlichkeit ihrer Angabe hin. Eine Offenlegung an Externe erfolgt nur, wenn sie im Rahmen eines Auftrags erforderlich ist. Bei der Verarbeitung der uns im Rahmen eines Auftrags \u00fcberlassenen Daten handeln wir entsprechend den Weisungen der Auftraggeber sowie der gesetzlichen Vorgaben einer Auftragsverarbeitung gem. Art. 28 DSGVO und verarbeiten die Daten zu keinen anderen, als den auftragsgem\u00e4\u00dfen Zwecken.<\/p>\n<p>Wir l\u00f6schen die Daten nach Ablauf gesetzlicher Gew\u00e4hrleistungs- und vergleichbarer Pflichten. die Erforderlichkeit der Aufbewahrung der Daten wird alle drei Jahre \u00fcberpr\u00fcft; im Fall der gesetzlichen Archivierungspflichten erfolgt die L\u00f6schung nach deren Ablauf (6 J, gem. \u00a7 257 Abs. 1 HGB, 10 J, gem. \u00a7 147 Abs. 1 AO). Im Fall von Daten, die uns gegen\u00fcber im Rahmen eines Auftrags durch den Auftraggeber offengelegt wurden, l\u00f6schen wir die Daten entsprechend den Vorgaben des Auftrags, grunds\u00e4tzlich nach Ende des Auftrags.<\/p>\n<p id=\"dsgcopyright\"><a href=\"https:\/\/datenschutz-generator.de\/\" target=\"_blank\" rel=\"nofollow noopener\">Erstellt mit Datenschutz-Generator.de von RA Dr Thomas Schwenke<\/a><\/p>\n<\/div>\n<div id=\"ts-muster-generator-titelcontent-14\" class=\"ts-muster-generator-titelcontent\">\n<h3 id=\"dsg-contact\">Kontaktaufnahme<\/h3>\n<p><span class=\"ts-muster-content\">Bei der Kontaktaufnahme mit uns (z.B. per Kontaktformular, E-Mail, Telefon oder via sozialer Medien) werden die Angaben des Nutzers zur Bearbeitung der Kontaktanfrage und deren Abwicklung gem. Art. 6 Abs. 1 lit. b) DSGVO verarbeitet. Die Angaben der Nutzer k\u00f6nnen in einem Customer-Relationship-Management System (&#8222;CRM System&#8220;) oder vergleichbarer Anfragenorganisation gespeichert werden.<\/span><\/p>\n<p>Wir l\u00f6schen die Anfragen, sofern diese nicht mehr erforderlich sind. Wir \u00fcberpr\u00fcfen die Erforderlichkeit alle zwei Jahre; Ferner gelten die gesetzlichen Archivierungspflichten.<\/p>\n<p id=\"dsgcopyright\"><a href=\"https:\/\/datenschutz-generator.de\/\" target=\"_blank\" rel=\"nofollow noopener\">Erstellt mit Datenschutz-Generator.de von RA Dr Thomas Schwenke<\/a><\/p>\n<\/div>\n<div id=\"ts-muster-generator-titelcontent-15\" class=\"ts-muster-generator-titelcontent\">\n<h3 id=\"dsg-newsletter-de\">Newsletter<\/h3>\n<p><span class=\"ts-muster-content\">Mit den nachfolgenden Hinweisen informieren wir Sie \u00fcber die Inhalte unseres Newsletters sowie das Anmelde-, Versand- und das statistische Auswertungsverfahren sowie Ihre Widerspruchsrechte auf. Indem Sie unseren Newsletter abonnieren, erkl\u00e4ren Sie sich mit dem Empfang und den beschriebenen Verfahren einverstanden.<\/span><\/p>\n<p>Inhalt des Newsletters: Wir versenden Newsletter, E-Mails und weitere elektronische Benachrichtigungen mit werblichen Informationen (nachfolgend \u201eNewsletter\u201c) nur mit der Einwilligung der Empf\u00e4nger oder einer gesetzlichen Erlaubnis. Sofern im Rahmen einer Anmeldung zum Newsletter dessen Inhalte konkret umschrieben werden, sind sie f\u00fcr die Einwilligung der Nutzer ma\u00dfgeblich. Im \u00dcbrigen enthalten unsere Newsletter Informationen zu unseren Leistungen und uns.<\/p>\n<p>Double-Opt-In und Protokollierung: Die Anmeldung zu unserem Newsletter erfolgt in einem sog. Double-Opt-In-Verfahren. D.h. Sie erhalten nach der Anmeldung eine E-Mail, in der Sie um die Best\u00e4tigung Ihrer Anmeldung gebeten werden. Diese Best\u00e4tigung ist notwendig, damit sich niemand mit fremden E-Mailadressen anmelden kann. Die Anmeldungen zum Newsletter werden protokolliert, um den Anmeldeprozess entsprechend den rechtlichen Anforderungen nachweisen zu k\u00f6nnen. Hierzu geh\u00f6rt die Speicherung des Anmelde- und des Best\u00e4tigungszeitpunkts, als auch der IP-Adresse. Ebenso werden die \u00c4nderungen Ihrer bei dem Versanddienstleister gespeicherten Daten protokolliert.<\/p>\n<p>Anmeldedaten: Um sich f\u00fcr den Newsletter anzumelden, reicht es aus, wenn Sie Ihre E-Mailadresse angeben. Optional bitten wir Sie einen Namen, zwecks pers\u00f6nlicher Ansprache im Newsletters anzugeben.<\/p>\n<p>Der Versand des Newsletters und die mit ihm verbundene Erfolgsmessung erfolgen auf Grundlage einer Einwilligung der Empf\u00e4nger gem. Art. 6 Abs. 1 lit. a, Art. 7 DSGVO i.V.m \u00a7 7 Abs. 2 Nr. 3 UWG oder falls eine Einwilligung nicht erforderlich ist, auf Grundlage unserer berechtigten Interessen am Direktmarketing gem. Art. 6 Abs. 1 lt. f. DSGVO i.V.m. \u00a7 7 Abs. 3 UWG.<\/p>\n<p>Die Protokollierung des Anmeldeverfahrens erfolgt auf Grundlage unserer berechtigten Interessen gem. Art. 6 Abs. 1 lit. f DSGVO. Unser Interesse richtet sich auf den Einsatz eines nutzerfreundlichen sowie sicheren Newslettersystems, das sowohl unseren gesch\u00e4ftlichen Interessen dient, als auch den Erwartungen der Nutzer entspricht und uns ferner den Nachweis von Einwilligungen erlaubt.<\/p>\n<p>K\u00fcndigung\/Widerruf &#8211; Sie k\u00f6nnen den Empfang unseres Newsletters jederzeit k\u00fcndigen, d.h. Ihre Einwilligungen widerrufen. Einen Link zur K\u00fcndigung des Newsletters finden Sie am Ende eines jeden Newsletters. Wir k\u00f6nnen die ausgetragenen E-Mailadressen bis zu drei Jahren auf Grundlage unserer berechtigten Interessen speichern bevor wir sie l\u00f6schen, um eine ehemals gegebene Einwilligung nachweisen zu k\u00f6nnen. Die Verarbeitung dieser Daten wird auf den Zweck einer m\u00f6glichen Abwehr von Anspr\u00fcchen beschr\u00e4nkt. Ein individueller L\u00f6schungsantrag ist jederzeit m\u00f6glich, sofern zugleich das ehemalige Bestehen einer Einwilligung best\u00e4tigt wird.<\/p>\n<p id=\"dsgcopyright\"><a href=\"https:\/\/datenschutz-generator.de\/\" target=\"_blank\" rel=\"nofollow noopener\">Erstellt mit Datenschutz-Generator.de von RA Dr Thomas Schwenke<\/a><\/p>\n<\/div>\n<div id=\"ts-muster-generator-titelcontent-46\" class=\"ts-muster-generator-titelcontent\">\n<h3 id=\"dsg-newsletter-provider-mailchimp\">Newsletter &#8211; Mailchimp<\/h3>\n<p><span class=\"ts-muster-content\">Der Versand der Newsletter erfolgt mittels des Versanddienstleisters \u201eMailChimp\u201c, einer Newsletterversandplattform des US-Anbieters Rocket Science Group, LLC, 675 Ponce De Leon Ave NE #5000, Atlanta, GA 30308, USA. Die Datenschutzbestimmungen des Versanddienstleisters k\u00f6nnen Sie hier einsehen: <a href=\"https:\/\/mailchimp.com\/legal\/privacy\/\" target=\"_blank\" rel=\"noopener\">https:\/\/mailchimp.com\/legal\/privacy\/<\/a>. The Rocket Science Group LLC d\/b\/a MailChimp ist unter dem Privacy-Shield-Abkommen zertifiziert und bietet hierdurch eine Garantie, das europ\u00e4isches Datenschutzniveau einzuhalten (<a href=\"https:\/\/www.privacyshield.gov\/participant?id=a2zt0000000TO6hAAG&amp;status=Active\" target=\"_blank\" rel=\"noopener\">https:\/\/www.privacyshield.gov\/participant?id=a2zt0000000TO6hAAG&amp;status=Active<\/a>). Der Versanddienstleister wird auf Grundlage unserer berechtigten Interessen gem. Art. 6 Abs. 1 lit. f DSGVO und eines Auftragsverarbeitungsvertrages gem. Art. 28 Abs. 3 S. 1 DSGVO eingesetzt.<\/span><\/p>\n<p>Der Versanddienstleister kann die Daten der Empf\u00e4nger in pseudonymer Form, d.h. ohne Zuordnung zu einem Nutzer, zur Optimierung oder Verbesserung der eigenen Services nutzen, z.B. zur technischen Optimierung des Versandes und der Darstellung der Newsletter oder f\u00fcr statistische Zwecke verwenden. Der Versanddienstleister nutzt die Daten unserer Newsletterempf\u00e4nger jedoch nicht, um diese selbst anzuschreiben oder um die Daten an Dritte weiterzugeben.<\/p>\n<p id=\"dsgcopyright\"><a href=\"https:\/\/datenschutz-generator.de\/\" target=\"_blank\" rel=\"nofollow noopener\">Erstellt mit Datenschutz-Generator.de von RA Dr Thomas Schwenke<\/a><\/p>\n<\/div>\n<div id=\"ts-muster-generator-titelcontent-65\" class=\"ts-muster-generator-titelcontent\">\n<h3 id=\"dsg-hostingprovider\">Hosting und E-Mail-Versand<\/h3>\n<p><span class=\"ts-muster-content\">Die von uns in Anspruch genommenen Hosting-Leistungen dienen der Zurverf\u00fcgungstellung der folgenden Leistungen: Infrastruktur- und Plattformdienstleistungen, Rechenkapazit\u00e4t, Speicherplatz und Datenbankdienste, E-Mail-Versand, Sicherheitsleistungen sowie technische Wartungsleistungen, die wir zum Zwecke des Betriebs dieses Onlineangebotes einsetzen.<\/span><\/p>\n<p>Hierbei verarbeiten wir, bzw. unser Hostinganbieter Bestandsdaten, Kontaktdaten, Inhaltsdaten, Vertragsdaten, Nutzungsdaten, Meta- und Kommunikationsdaten von Kunden, Interessenten und Besuchern dieses Onlineangebotes auf Grundlage unserer berechtigten Interessen an einer effizienten und sicheren Zurverf\u00fcgungstellung dieses Onlineangebotes gem. Art. 6 Abs. 1 lit. f DSGVO i.V.m. Art. 28 DSGVO (Abschluss Auftragsverarbeitungsvertrag).<\/p>\n<p id=\"dsgcopyright\"><a href=\"https:\/\/datenschutz-generator.de\/\" target=\"_blank\" rel=\"nofollow noopener\">Erstellt mit Datenschutz-Generator.de von RA Dr Thomas Schwenke<\/a><\/p>\n<\/div>\n<div id=\"ts-muster-generator-titelcontent-10\" class=\"ts-muster-generator-titelcontent\">\n<h3 id=\"dsg-logfiles\">Erhebung von Zugriffsdaten und Logfiles<\/h3>\n<p><span class=\"ts-muster-content\">Wir, bzw. unser Hostinganbieter, erhebt auf Grundlage unserer berechtigten Interessen im Sinne des Art. 6 Abs. 1 lit. f. DSGVO Daten \u00fcber jeden Zugriff auf den Server, auf dem sich dieser Dienst befindet (sogenannte Serverlogfiles). Zu den Zugriffsdaten geh\u00f6ren Name der abgerufenen Webseite, Datei, Datum und Uhrzeit des Abrufs, \u00fcbertragene Datenmenge, Meldung \u00fcber erfolgreichen Abruf, Browsertyp nebst Version, das Betriebssystem des Nutzers, Referrer URL (die zuvor besuchte Seite), IP-Adresse und der anfragende Provider.<\/span><\/p>\n<p>Logfile-Informationen werden aus Sicherheitsgr\u00fcnden (z.B. zur Aufkl\u00e4rung von Missbrauchs- oder Betrugshandlungen) f\u00fcr die Dauer von maximal 7 Tagen gespeichert und danach gel\u00f6scht. Daten, deren weitere Aufbewahrung zu Beweiszwecken erforderlich ist, sind bis zur endg\u00fcltigen Kl\u00e4rung des jeweiligen Vorfalls von der L\u00f6schung ausgenommen.<\/p>\n<p id=\"dsgcopyright\"><a href=\"https:\/\/datenschutz-generator.de\/\" target=\"_blank\" rel=\"nofollow noopener\">Erstellt mit Datenschutz-Generator.de von RA Dr Thomas Schwenke<\/a><\/p>\n<\/div>\n<div id=\"ts-muster-generator-titelcontent-39\" class=\"ts-muster-generator-titelcontent\">\n<h3 id=\"dsg-socialmedia\">Onlinepr\u00e4senzen in sozialen Medien<\/h3>\n<p><span class=\"ts-muster-content\">Wir unterhalten Onlinepr\u00e4senzen innerhalb sozialer Netzwerke und Plattformen, um mit den dort aktiven Kunden, Interessenten und Nutzern kommunizieren und sie dort \u00fcber unsere Leistungen informieren zu k\u00f6nnen. Beim Aufruf der jeweiligen Netzwerke und Plattformen gelten die Gesch\u00e4ftsbedingungen und die Datenverarbeitungsrichtlinien deren jeweiligen Betreiber.<\/span><\/p>\n<p>Soweit nicht anders im Rahmen unserer Datenschutzerkl\u00e4rung angegeben, verarbeiten wir die Daten der Nutzer sofern diese mit uns innerhalb der sozialen Netzwerke und Plattformen kommunizieren, z.B. Beitr\u00e4ge auf unseren Onlinepr\u00e4senzen verfassen oder uns Nachrichten zusenden.<\/p>\n<p id=\"dsgcopyright\"><a href=\"https:\/\/datenschutz-generator.de\/\" target=\"_blank\" rel=\"nofollow noopener\">Erstellt mit Datenschutz-Generator.de von RA Dr Thomas Schwenke<\/a><\/p>\n<\/div>\n<div id=\"ts-muster-generator-titelcontent-25\" class=\"ts-muster-generator-titelcontent\">\n<h3 id=\"dsg-thirdparty-einleitung\">Einbindung von Diensten und Inhalten Dritter<\/h3>\n<p><span class=\"ts-muster-content\">Wir setzen innerhalb unseres Onlineangebotes auf Grundlage unserer berechtigten Interessen (d.h. Interesse an der Analyse, Optimierung und wirtschaftlichem Betrieb unseres Onlineangebotes im Sinne des Art. 6 Abs. 1 lit. f. DSGVO) Inhalts- oder Serviceangebote von Drittanbietern ein, um deren Inhalte und Services, wie z.B. Videos oder Schriftarten einzubinden (nachfolgend einheitlich bezeichnet als \u201cInhalte\u201d).<\/span><\/p>\n<p>Dies setzt immer voraus, dass die Drittanbieter dieser Inhalte, die IP-Adresse der Nutzer wahrnehmen, da sie ohne die IP-Adresse die Inhalte nicht an deren Browser senden k\u00f6nnten. Die IP-Adresse ist damit f\u00fcr die Darstellung dieser Inhalte erforderlich. Wir bem\u00fchen uns nur solche Inhalte zu verwenden, deren jeweilige Anbieter die IP-Adresse lediglich zur Auslieferung der Inhalte verwenden. Drittanbieter k\u00f6nnen ferner so genannte Pixel-Tags (unsichtbare Grafiken, auch als &#8222;Web Beacons&#8220; bezeichnet) f\u00fcr statistische oder Marketingzwecke verwenden. Durch die &#8222;Pixel-Tags&#8220; k\u00f6nnen Informationen, wie der Besucherverkehr auf den Seiten dieser Website ausgewertet werden. Die pseudonymen Informationen k\u00f6nnen ferner in Cookies auf dem Ger\u00e4t der Nutzer gespeichert werden und unter anderem technische Informationen zum Browser und Betriebssystem, verweisende Webseiten, Besuchszeit sowie weitere Angaben zur Nutzung unseres Onlineangebotes enthalten, als auch mit solchen Informationen aus anderen Quellen verbunden werden.<\/p>\n<p id=\"dsgcopyright\"><a href=\"https:\/\/datenschutz-generator.de\/\" target=\"_blank\" rel=\"nofollow noopener\">Erstellt mit Datenschutz-Generator.de von RA Dr Thomas Schwenke<\/a><\/p>\n<\/div>\n<div id=\"ts-muster-generator-titelcontent-57\" class=\"ts-muster-generator-titelcontent\">\n<h3 id=\"dsg-thirdparty-vimeo\">Vimeo<\/h3>\n<p><span class=\"ts-muster-content\">Wir k\u00f6nnen die Videos der Plattform \u201cVimeo\u201d des Anbieters Vimeo Inc., Attention: Legal Department, 555 West 18th Street New York, New York 10011, USA, einbinden. Datenschutzerkl\u00e4rung: <a href=\"https:\/\/vimeo.com\/privacy\" target=\"_blank\" rel=\"noopener\">https:\/\/vimeo.com\/privacy<\/a>. WIr weisen darauf hin, dass Vimeo Google Analytics einsetzen kann und verweisen hierzu auf die Datenschutzerkl\u00e4rung (<a href=\"https:\/\/www.google.com\/policies\/privacy\" target=\"_blank\" rel=\"noopener\">https:\/\/www.google.com\/policies\/privacy<\/a>) sowie Opt-Out-M\u00f6glichkeiten f\u00fcr Google-Analytics (<a href=\"http:\/\/tools.google.com\/dlpage\/gaoptout?hl=de\" target=\"_blank\" rel=\"noopener\">http:\/\/tools.google.com\/dlpage\/gaoptout?hl=de<\/a>) oder die Einstellungen von Google f\u00fcr die Datennutzung zu Marketingzwecken (<a href=\"https:\/\/adssettings.google.com\/\" target=\"_blank\" rel=\"noopener\">https:\/\/adssettings.google.com\/.<\/a>).<\/span><\/p>\n<p id=\"dsgcopyright\"><a href=\"https:\/\/datenschutz-generator.de\/\" target=\"_blank\" rel=\"nofollow noopener\">Erstellt mit Datenschutz-Generator.de von RA Dr Thomas Schwenke<\/a><\/p>\n<\/div>\n<div id=\"ts-muster-generator-titelcontent-48\" class=\"ts-muster-generator-titelcontent\">\n<h3 id=\"dsg-thirdparty-youtube\">Youtube<\/h3>\n<p><span class=\"ts-muster-content\">Wir binden die Videos der Plattform \u201cYouTube\u201d des Anbieters Google LLC, 1600 Amphitheatre Parkway, Mountain View, CA 94043, USA, ein. Datenschutzerkl\u00e4rung: <a href=\"https:\/\/www.google.com\/policies\/privacy\/\" target=\"_blank\" rel=\"noopener\">https:\/\/www.google.com\/policies\/privacy\/<\/a>, Opt-Out: <a href=\"https:\/\/adssettings.google.com\/authenticated\" target=\"_blank\" rel=\"noopener\">https:\/\/adssettings.google.com\/authenticated<\/a>.<\/span><\/p>\n<p id=\"dsgcopyright\"><a href=\"https:\/\/datenschutz-generator.de\/\" target=\"_blank\" rel=\"nofollow noopener\">Erstellt mit Datenschutz-Generator.de von RA Dr Thomas Schwenke<\/a><\/p>\n<\/div>\n<p>&nbsp;<\/p>\n","protected":false},"excerpt":{"rendered":"<p>DATENSCHUTZERKL\u00c4RUNG Robert Rittermann Laubengang 14 42279 Wuppertal Kontakt E-Mail: contact@robertrittermann.com Agenturdienstleistungen Wir verarbeiten die Daten unserer Kunden im Rahmen unserer vertraglichen Leistungen zu denen konzeptionelle und strategische Beratung, Kampagnenplanung, Software- und Designentwicklung\/-beratung oder Pflege, Umsetzung von Kampagnen und Prozessen\/ Handling, Serveradministration, Datenanalyse\/ Beratungsleistungen und Schulungsleistungen geh\u00f6ren. Hierbei verarbeiten wir Bestandsdaten (z.B., Kundenstammdaten, wie Namen oder [&hellip;]<\/p>\n","protected":false},"author":1,"featured_media":0,"parent":0,"menu_order":0,"comment_status":"closed","ping_status":"closed","template":"","meta":{"footnotes":""},"class_list":["post-527","page","type-page","status-publish","hentry"],"_links":{"self":[{"href":"https:\/\/robertrittermann.com\/index.php\/wp-json\/wp\/v2\/pages\/527","targetHints":{"allow":["GET"]}}],"collection":[{"href":"https:\/\/robertrittermann.com\/index.php\/wp-json\/wp\/v2\/pages"}],"about":[{"href":"https:\/\/robertrittermann.com\/index.php\/wp-json\/wp\/v2\/types\/page"}],"author":[{"embeddable":true,"href":"https:\/\/robertrittermann.com\/index.php\/wp-json\/wp\/v2\/users\/1"}],"replies":[{"embeddable":true,"href":"https:\/\/robertrittermann.com\/index.php\/wp-json\/wp\/v2\/comments?post=527"}],"version-history":[{"count":3,"href":"https:\/\/robertrittermann.com\/index.php\/wp-json\/wp\/v2\/pages\/527\/revisions"}],"predecessor-version":[{"id":534,"href":"https:\/\/robertrittermann.com\/index.php\/wp-json\/wp\/v2\/pages\/527\/revisions\/534"}],"wp:attachment":[{"href":"https:\/\/robertrittermann.com\/index.php\/wp-json\/wp\/v2\/media?parent=527"}],"curies":[{"name":"wp","href":"https:\/\/api.w.org\/{rel}","templated":true}]}}