{"id":512,"date":"2017-09-20T11:38:46","date_gmt":"2017-09-20T09:38:46","guid":{"rendered":"http:\/\/robertrittermann.com\/?page_id=512"},"modified":"2025-01-21T11:30:22","modified_gmt":"2025-01-21T10:30:22","slug":"bio","status":"publish","type":"page","link":"https:\/\/robertrittermann.com\/","title":{"rendered":"ROBERT RITTERMANN"},"content":{"rendered":"<div class=\"wp-block-image\">\n<figure class=\"aligncenter size-large is-resized\"><img loading=\"lazy\" decoding=\"async\" width=\"841\" height=\"841\" src=\"http:\/\/robertrittermann.com\/wp-content\/uploads\/2021\/01\/Facebook-Profilbild_2020.jpg\" alt=\"\" class=\"wp-image-659\" style=\"object-fit:contain;width:421px;height:421px\" srcset=\"https:\/\/robertrittermann.com\/wp-content\/uploads\/2021\/01\/Facebook-Profilbild_2020.jpg 841w, https:\/\/robertrittermann.com\/wp-content\/uploads\/2021\/01\/Facebook-Profilbild_2020-300x300.jpg 300w, https:\/\/robertrittermann.com\/wp-content\/uploads\/2021\/01\/Facebook-Profilbild_2020-768x768.jpg 768w, https:\/\/robertrittermann.com\/wp-content\/uploads\/2021\/01\/Facebook-Profilbild_2020-500x500.jpg 500w, https:\/\/robertrittermann.com\/wp-content\/uploads\/2021\/01\/Facebook-Profilbild_2020-150x150.jpg 150w\" sizes=\"auto, (max-width: 841px) 100vw, 841px\" \/><\/figure><\/div>\n\n\n<h3 class=\"wp-block-heading\">Robert Rittermann (*1983, als Robert Meusel) ist ein deutscher Schriftsteller und Illustrator, der in Wuppertal lebt. Vorrangig schreibt er Science-Fiction unter dem Pseudonym Ryan Rockwell, ver\u00f6ffentlicht aber auch Ostseekrimis als Jan Paulsen.<\/h3>\n\n\n\n<div style=\"height:40px\" aria-hidden=\"true\" class=\"wp-block-spacer\"><\/div>\n\n\n\n<h2 class=\"wp-block-heading has-text-align-center\">ALS RYAN ROCKWELL<\/h2>\n\n\n\n<h3 class=\"wp-block-heading\">Ryan Rockwell ist begeisterter Science-Fiction-Fan. Viele seiner Romane standen als Kindle-Bestseller an der Spitze der Science-Fiction-Charts, was Ryan sehr freut, da er gern \u00fcber Raumschiffe und Aliens schreibt.<\/h3>\n\n\n\n<h3 class=\"wp-block-heading\">2021 brachte Ryan Rockwell mit NEOBIOTA &#8211; DER AUSBRUCH sein Science-Fiction-Deb\u00fct heraus. Mittlerweile sind es \u00fcber 20 Romane mit zehntausenden gelesenen Exemplaren und \u00fcber 5500 Bewertungen bei Amazon. Damit ist Ryan Rockwell einer der produktivsten und spannendsten Science-Fiction-Autoren Deutschlands.<\/h3>\n\n\n\n<h3 class=\"wp-block-heading\">2023 war sein Hard-Science-Fiction-Roman KALLISTOS ERBE f\u00fcr die Literaturpreise <a href=\"https:\/\/phantastische-akademie.de\/2023\/02\/09\/seraph-2023-das-sind-die-nominierten\/\">SERAPH<\/a> und <a href=\"https:\/\/skoutz.de\/skoutz-award-midlist-science-fiction-2023-von-janna-ruth\/\">SKOUTZ AWARD<\/a> nominiert. Mit NEOBIOTA hat Ryan Rockwell zudem die erfolgreichste deutsche Science-Fiction-Horror-Serie geschrieben. Am beliebtesten ist Rockwells DIMENSION-Reihe, die auch als H\u00f6rbuch-Reihe erschienen ist.<\/h3>\n\n\n\n<h3 class=\"wp-block-heading\">Ryan Rockwells B\u00fccher sind im Handel oder als signierte Exemplare in seinem Buchshop erh\u00e4ltlich.<\/h3>\n\n\n\n<div class=\"wp-block-buttons is-layout-flex wp-block-buttons-is-layout-flex\">\n<div class=\"wp-block-button aligncenter\"><a class=\"wp-block-button__link has-luminous-vivid-amber-color has-black-background-color has-text-color has-background wp-element-button\" href=\"https:\/\/www.flying-cheese.com\/\" target=\"_blank\" rel=\"noreferrer noopener\"><strong>WEBSITE RYAN ROCKWELL<\/strong><\/a><\/div>\n<\/div>\n\n\n\n<div style=\"height:40px\" aria-hidden=\"true\" class=\"wp-block-spacer\"><\/div>\n\n\n\n<hr class=\"wp-block-separator aligncenter has-alpha-channel-opacity\"\/>\n\n\n\n<h2 class=\"wp-block-heading has-text-align-center\">ALS ROBERT RITTERMANN<\/h2>\n\n\n\n<h3 class=\"wp-block-heading\">Robert Rittermanns Buch-Deb\u00fct war das Kinderbuch VINCENT &#8211; DAS UNGRUSELIGE UNGEHEUER, das er sowohl geschrieben als auch illustiert hat. Erschienen ist es 2016 im DIX-Verlag. Nach dem Science-Fiction-Comic WHITE entwarf Robert Rittermann seine beliebte LOST PROJECT-Reihe, eine Roman-Trilogie \u00fcber Dinosaurier, zu der er 50 Buch-Illustrationen anfertigte. 2020 folgte sein unterhaltsames Mystery-Abenteuer DER DUNKLE SATELLIT.<\/h3>\n\n\n\n<h3 class=\"wp-block-heading\">Robert Rittermanns B\u00fccher finden Sie auf der Webseite von Ryan Rockwell. Alle B\u00fccher sind im Buchhandel erh\u00e4ltlich.<\/h3>\n\n\n\n<div class=\"wp-block-buttons is-layout-flex wp-block-buttons-is-layout-flex\">\n<div class=\"wp-block-button aligncenter\"><a class=\"wp-block-button__link has-luminous-vivid-amber-color has-black-background-color has-text-color has-background wp-element-button\" href=\"https:\/\/www.flying-cheese.com\/veroeffentlichungen\/\" target=\"_blank\" rel=\"noreferrer noopener\"><strong>VER\u00d6FFENTLICHUNGEN<\/strong><\/a><\/div>\n<\/div>\n\n\n\n<div style=\"height:40px\" aria-hidden=\"true\" class=\"wp-block-spacer\"><\/div>\n\n\n\n<hr class=\"wp-block-separator aligncenter has-alpha-channel-opacity\"\/>\n\n\n\n<h2 class=\"wp-block-heading has-text-align-center\">ALS JAN PAULSEN<\/h2>\n\n\n\n<h3 class=\"wp-block-heading\"><strong>Jan Paulsen<\/strong> schreibt Ostseekrimis. In seiner Reihe &#8222;TOD UND TREIBGUT&#8220; l\u00f6st das sympathische Ermittler-Duo Nina Schulte und Eike Ahrens knifflige F\u00e4lle im idyllischen Ostholstein. Dabei spielen die malerischen Str\u00e4nde und die raue Natur eine genauso wichtige Rolle wie die alten und teils mysteri\u00f6sen Geschichten der Region.<\/h3>\n\n\n\n<div class=\"wp-block-buttons is-layout-flex wp-block-buttons-is-layout-flex\">\n<div class=\"wp-block-button aligncenter\"><a class=\"wp-block-button__link has-luminous-vivid-amber-color has-black-background-color has-text-color has-background wp-element-button\" href=\"https:\/\/www.amazon.de\/stores\/Jan-Paulsen\/author\/B0DJPR1N3N?ref=ap_rdr&amp;isDramIntegrated=true&amp;shoppingPortalEnabled=true\" target=\"_blank\" rel=\"noreferrer noopener\"><strong>B\u00dcCHER JAN PAULSEN<\/strong><\/a><\/div>\n<\/div>\n\n\n\n<div style=\"height:40px\" aria-hidden=\"true\" class=\"wp-block-spacer\"><\/div>\n\n\n\n<hr class=\"wp-block-separator aligncenter has-alpha-channel-opacity\"\/>\n\n\n\n<h2 class=\"wp-block-heading has-text-align-center\">ALS ILLUSTRATOR<\/h2>\n\n\n\n<h3 class=\"wp-block-heading\">Als Illustrator sieht sich Robert Rittermann als Vermittler zwischen Vision und Wirklichkeit. Wenn er nicht an seinen eigenen Projekten arbeitet, entwickelt er f\u00fcr ganz unterschiedliche Kunden die Visualisierung ihrer Ideen. Am liebsten jedoch Cover f\u00fcr B\u00fccher und Musik, Illustrationen und Sympathiefiguren f\u00fcr B\u00fccher und Unternehmen.<\/h3>\n\n\n\n<div class=\"wp-block-buttons is-layout-flex wp-block-buttons-is-layout-flex\">\n<div class=\"wp-block-button aligncenter\"><a class=\"wp-block-button__link has-luminous-vivid-amber-color has-black-background-color has-text-color has-background wp-element-button\" href=\"https:\/\/robertrittermann.com\/index.php\/illustration\/\"><strong>PORTFOLIO<\/strong><\/a><\/div>\n<\/div>\n\n\n\n<div style=\"height:40px\" aria-hidden=\"true\" class=\"wp-block-spacer\"><\/div>\n\n\n\n<hr class=\"wp-block-separator aligncenter has-alpha-channel-opacity\"\/>\n\n\n\n<h3 class=\"wp-block-heading\">Bevor Robert Rittermann mit dem Schreiben und Illustrieren begann, hat er irgendwann einmal den renommierten SXSW-Award f\u00fcr illustratives und interaktives Storytelling gewonnen. Au\u00dferdem hat er in einer Punkband seine Gitarre und seine Stimmb\u00e4nder gequ\u00e4lt, und als Wachmann Klebeband bewacht. Robert Rittermann studierte Design in Krefeld, arbeitete eine Dekade lang als Software-Designer und lebt mit seiner Familie im verregneten Wuppertal.<\/h3>\n\n\n\n<h3 class=\"wp-block-heading\">F\u00fcr Anfragen (Illustrationen, redaktionelle Texte, Kollaborationen etc.) schreiben Sie gern eine Nachricht.<\/h3>\n\n\n\n<div class=\"wp-block-buttons is-layout-flex wp-block-buttons-is-layout-flex\">\n<div class=\"wp-block-button aligncenter\"><a class=\"wp-block-button__link has-luminous-vivid-amber-color has-black-background-color has-text-color has-background wp-element-button\" href=\"https:\/\/robertrittermann.com\/index.php\/contact\/\" target=\"_blank\" rel=\"noreferrer noopener\"><strong>ANFRAGEN<\/strong><\/a><\/div>\n<\/div>\n\n\n\n<div style=\"height:40px\" aria-hidden=\"true\" class=\"wp-block-spacer\"><\/div>\n\n\n\n<hr class=\"wp-block-separator has-text-color has-black-color has-alpha-channel-opacity has-black-background-color has-background is-style-dots\"\/>\n","protected":false},"excerpt":{"rendered":"<p>Robert Rittermann (*1983, als Robert Meusel) ist ein deutscher Schriftsteller und Illustrator, der in Wuppertal lebt. Vorrangig schreibt er Science-Fiction unter dem Pseudonym Ryan Rockwell, ver\u00f6ffentlicht aber auch Ostseekrimis als Jan Paulsen. ALS RYAN ROCKWELL Ryan Rockwell ist begeisterter Science-Fiction-Fan. Viele seiner Romane standen als Kindle-Bestseller an der Spitze der Science-Fiction-Charts, was Ryan sehr freut, [&hellip;]<\/p>\n","protected":false},"author":1,"featured_media":0,"parent":0,"menu_order":0,"comment_status":"closed","ping_status":"closed","template":"","meta":{"footnotes":""},"class_list":["post-512","page","type-page","status-publish","hentry"],"_links":{"self":[{"href":"https:\/\/robertrittermann.com\/index.php\/wp-json\/wp\/v2\/pages\/512","targetHints":{"allow":["GET"]}}],"collection":[{"href":"https:\/\/robertrittermann.com\/index.php\/wp-json\/wp\/v2\/pages"}],"about":[{"href":"https:\/\/robertrittermann.com\/index.php\/wp-json\/wp\/v2\/types\/page"}],"author":[{"embeddable":true,"href":"https:\/\/robertrittermann.com\/index.php\/wp-json\/wp\/v2\/users\/1"}],"replies":[{"embeddable":true,"href":"https:\/\/robertrittermann.com\/index.php\/wp-json\/wp\/v2\/comments?post=512"}],"version-history":[{"count":18,"href":"https:\/\/robertrittermann.com\/index.php\/wp-json\/wp\/v2\/pages\/512\/revisions"}],"predecessor-version":[{"id":1146,"href":"https:\/\/robertrittermann.com\/index.php\/wp-json\/wp\/v2\/pages\/512\/revisions\/1146"}],"wp:attachment":[{"href":"https:\/\/robertrittermann.com\/index.php\/wp-json\/wp\/v2\/media?parent=512"}],"curies":[{"name":"wp","href":"https:\/\/api.w.org\/{rel}","templated":true}]}}