{"id":1127,"date":"2024-07-02T10:06:06","date_gmt":"2024-07-02T08:06:06","guid":{"rendered":"https:\/\/robertrittermann.com\/?page_id=1127"},"modified":"2024-07-02T10:09:23","modified_gmt":"2024-07-02T08:09:23","slug":"agb","status":"publish","type":"page","link":"https:\/\/robertrittermann.com\/index.php\/agb\/","title":{"rendered":"ALLGEMEINE GESCH\u00c4FTSBEDINGUNGEN"},"content":{"rendered":"\n<div class=\"wp-block-columns is-layout-flex wp-container-core-columns-is-layout-1 wp-block-columns-is-layout-flex\">\n<div class=\"wp-block-column is-layout-flow wp-block-column-is-layout-flow\"><\/div>\n\n\n\n<div class=\"wp-block-column is-layout-flow wp-block-column-is-layout-flow\" style=\"flex-basis:50%\">\n<p>Diese Allgemeinen Gesch\u00e4ftsbedingungen gelten f\u00fcr alle zwischen Robert Rittermann Wort &amp; Bild und dem Auftraggeber abgeschlossenen Vertr\u00e4ge. Die Gesch\u00e4ftsbedingungen sind vereinbart, wenn der Auftraggeber ihnen nicht unverz\u00fcglich nach dem Zugang widerspricht.<\/p>\n\n\n\n<p><strong>1. Urheberrecht und Nutzungsrechte<\/strong><\/p>\n\n\n\n<p>\u200b\u200b1.1. Die Entw\u00fcrfe und Reinzeichnungen d\u00fcrfen ohne ausdr\u00fcckliche Einwilligung von Robert Rittermann Wort &amp; Bild weder im Original noch bei der Reproduktion ver\u00e4ndert werden. Jede vollst\u00e4ndige oder teilweise Nachahmung ist unzul\u00e4ssig.<\/p>\n\n\n\n<p>\u200b1.2. Bei Versto\u00df gegen Punkt 1.1. hat der Auftraggeber Robert Rittermann Wort &amp; Bild eine Vertragsstrafe in H\u00f6he von 200 % der vereinbarten Verg\u00fctung zu zahlen.<\/p>\n\n\n\n<p>\u200b1.3. Robert Rittermann Wort &amp; Bild \u00fcbertr\u00e4gt dem Auftraggeber die f\u00fcr den jeweiligen Verwendungszweck erforderliche Nutzungsrechte (Vervielf\u00e4ltigung, Verbreitung, Zurverf\u00fcgungstellung, etc.). Soweit nichts anderes vereinbart ist, wird nur eine Werknutzungsbewilligung erteilt. Robert Rittermann Wort &amp; Bild bleibt in jedem Fall, auch wenn ein Werknutzungsrecht einger\u00e4umt wurde, berechtigt, alle Entw\u00fcrfe und Vervielf\u00e4ltigungen davon im Rahmen der Eigenwerbung zu verwenden.<\/p>\n\n\n\n<p>\u200b1.4. Eine Weitergabe der Nutzungsrechte an Dritte bedarf der schriftlichen Vereinbarung zwischen Robert Rittermann Wort &amp; Bild und dem Auftraggeber. Die Nutzungsrechte gehen auf den Auftraggeber erst nach vollst\u00e4ndiger Bezahlung der Verg\u00fctung \u00fcber.<\/p>\n\n\n\n<p>\u200b1.5. Robert Rittermann Wort &amp; Bild hat das Recht, auf dem Urst\u00fcck und den Vervielf\u00e4ltigungsst\u00fccken (Hard- und Softcopies) als Urheber als \u201eRobert Rittermann Wort &amp; Bild\u201c genannt zu werden. Verletzt der Auftraggeber das Recht auf Namensnennung, ist er verpflichtet, Robert Rittermann Wort &amp; Bild eine Vertragsstrafe in H\u00f6he von 100 % der vereinbarten Verg\u00fctung zu zahlen. Davon unber\u00fchrt bleibt das Recht von Robert Rittermann Wort &amp; Bild, bei konkreter Schadensberechnung einen h\u00f6heren Schaden geltend zu machen.<\/p>\n\n\n\n<p>\u200b1.6. \u00dcber den Umfang der Nutzung steht Robert Rittermann Wort &amp; Bild ein Auskunftsanspruch zu.<\/p>\n\n\n\n<p>\u200b1.7. Vorschl\u00e4ge und Weisungen des Auftraggebers aus technischen, gestalterischen und anderen Gr\u00fcnden begr\u00fcnden kein Miturheberrecht.<\/p>\n\n\n\n<p>\u200b1.8. Robert Rittermann Wort &amp; Bild nutzt zur Erstellung von Fullcovern, E-Book Covern sowie aller anderen Bildmaterialien ausschlie\u00dflich Stockfotos vom Anbieter <a href=\"https:\/\/www.istockphoto.com\/de\" target=\"_blank\" rel=\"noreferrer noopener\">iStockPhoto<\/a>. Die Verwendung der Bildmaterialien f\u00fcr den Auftraggeber unterliegt daher den Nutzungsrechten der Standardlizenz von iStockPhoto (siehe Punkt 6.2.).<\/p>\n\n\n\n<p>\u200b1.9. Durch die Verwendung von Stockfotos wird nicht gew\u00e4hrleistet, dass der Auftraggeber alleiniger Nutzer des verwendeten Bildmaterials ist. Robert Rittermann Wort &amp; Bild kann daf\u00fcr nicht haftbar gemacht werden.<\/p>\n\n\n\n<p>\u200b<\/p>\n\n\n\n<p><strong>2. Verg\u00fctung<\/strong><\/p>\n\n\n\n<p>\u200b\u200b2.1. Entw\u00fcrfe und Reinzeichnungen bilden zusammen mit der Einr\u00e4umung von Nutzungsrechten eine einheitliche Leistung. Der Betrag der Verg\u00fctung und alle genannten Preise verstehen sich zzgl. gesetzlicher Umsatzsteuer.<\/p>\n\n\n\n<p>\u200b2.2. Die Verg\u00fctungen sind bei Lieferung der Entw\u00fcrfe f\u00e4llig. Werden die Entw\u00fcrfe in Teilen abgenommen, so ist bei Abnahme der ersten Teillieferung eine Teilverg\u00fctung zu zahlen, die wenigstens die H\u00e4lfte der Gesamtverg\u00fctung betr\u00e4gt.<\/p>\n\n\n\n<p>\u200b2.3. Robert Rittermann Wort &amp; Bild beh\u00e4lt sich das Recht vor, Auftr\u00e4ge von Neu- und Erstkunden nur gegen Vorkasse anzunehmen und zu bearbeiten.<\/p>\n\n\n\n<p>\u200b2.4. Werden die Entw\u00fcrfe erneut oder in gr\u00f6\u00dferem Umfang als urspr\u00fcnglich vorgesehen genutzt, so ist der Auftraggeber verpflichtet, eine Verg\u00fctung f\u00fcr die zus\u00e4tzliche Nutzung zu zahlen.<\/p>\n\n\n\n<p>\u200b2.5. Bei Versto\u00df gegen Punkt 2.4. hat der Auftraggeber Robert Rittermann Wort &amp; Bild eine Vertragsstrafe in H\u00f6he von 200 % der urspr\u00fcnglichen Verg\u00fctung zu zahlen.<\/p>\n\n\n\n<p>\u200b2.6. Vorschl\u00e4ge und Weisungen des Auftraggebers aus technischen, gestalterischen und anderen Gr\u00fcnden haben keinen Einfluss auf das Honorar; solange diese keinen Mehraufwand gegen\u00fcber dem urspr\u00fcnglichen Angebot bedeuten.<\/p>\n\n\n\n<p>\u200b2.7. Bei Auftragsabbruch durch den Auftraggeber stellt Robert Rittermann Wort &amp; Bild die bis zu diesem Zeitpunkt angefallenen Kosten und Arbeitsaufw\u00e4nde in Rechnung.<\/p>\n\n\n\n<p>\u200b2.8. Verg\u00fctung f\u00fcr sonstige Leistungen:<br>Diese Teilverg\u00fctung errechnet sich aus vereinbarten Stundensatz mal dem Zeitaufwand, der neben dem Entwicklungs- und Entwurfsaufwand entsteht. Sonstige Leistungen sind, sofern sie nicht schriftlich innerhalb der Entwicklungs- und Entwurfsleistung vereinbart sind, zum Beispiel:<br>Analysen, Andrucke, Angebotseinholung, Auftrags- und Produktionsbetreuung, Fahrt- und Besprechungszeiten, Farbabmusterung, Marktanalysen, Manuskriptstudium, Entwurfsanfertigung, Recherchen, Reinzeichnungen, Reproduktionen, technische Nebenkosten etc.<\/p>\n\n\n\n<p>Die Verpflichtung des Auftraggebers Robert Rittermann Wort &amp; Bild im Innenverh\u00e4ltnis f\u00fcr Fremdleistungen (siehe Punkt 3) freizustellen bleibt hiervon unber\u00fchrt.<\/p>\n\n\n\n<p>\u200b2.9. Eine unentgeltliche T\u00e4tigkeit, insbesondere die kostenfreie Schaffung von Entw\u00fcrfen ist nicht berufs\u00fcblich.<\/p>\n\n\n\n<p>\u200b<\/p>\n\n\n\n<p><strong>3. Fremdleistungen<\/strong><\/p>\n\n\n\n<p>\u200b3.1. Robert Rittermann Wort &amp; Bild ist berechtigt, die zur Auftragserf\u00fcllung notwendigen Fremdleistungen im Namen und f\u00fcr Rechnung des Auftraggebers zu bestellen. Der Auftraggeber ist verpflichtet, Robert Rittermann Wort &amp; Bild hierzu schriftliche Vollmacht zu erteilen.<\/p>\n\n\n\n<p>\u200b3.2. Soweit im Einzelfall Vertr\u00e4ge \u00fcber Fremdleistungen im Namen und f\u00fcr Rechnung von Robert Rittermann Wort &amp; Bild abgeschlossen werden, ist der Auftraggeber verpflichtet, Robert Rittermann Wort &amp; Bild im Innenverh\u00e4ltnis von s\u00e4mtlichen Verbindlichkeiten freizustellen, die sich aus dem Vertragsabschluss ergeben, insbesondere von der Verpflichtung zur Zahlung des Preises f\u00fcr die Fremdleistung.<\/p>\n\n\n\n<p>\u200b<\/p>\n\n\n\n<p><strong>4. Eigentum<\/strong><\/p>\n\n\n\n<p>4.1. Hat Robert Rittermann Wort &amp; Bild dem Auftraggeber Datentr\u00e4ger, Dateien und Daten zur Verf\u00fcgung gestellt, d\u00fcrfen diese nur mit Einwilligung von Robert Rittermann Wort &amp; Bild ver\u00e4ndert werden.<br><br>4.2. Bei Besch\u00e4digung oder Verlust der Entw\u00fcrfe oder Reinzeichnungen hat der Auftraggeber den Arbeitsaufwand, der zur Wiederherstellung notwendig ist, zu verg\u00fcten. Die Geltendmachung eines weitergehenden Schadens bleibt unber\u00fchrt.<\/p>\n\n\n\n<p>\u200b\u200b<\/p>\n\n\n\n<p><strong>5. Herausgabe von Daten<\/strong><\/p>\n\n\n\n<p>\u200b5.1. Robert Rittermann Wort &amp; Bild ist nicht verpflichtet, die Originaldaten (z.B. .psd-Dateien) herauszugeben. W\u00fcnscht der Auftraggeber, dass Robert Rittermann Wort &amp; Bild ihm die Originaldaten zur Verf\u00fcgung stellt, ist dies schriftlich zu vereinbaren und gesondert zu verg\u00fcten.<\/p>\n\n\n\n<p>\u200b5.2. Gefahr und Kosten des Transports von Datentr\u00e4gern, Dateien und Daten online und offline tr\u00e4gt der Auftraggeber.<\/p>\n\n\n\n<p>\u200b5.3. Robert Rittermann Wort &amp; Bild haftet au\u00dfer bei Vorsatz und grober Fahrl\u00e4ssigkeit nicht f\u00fcr M\u00e4ngel an Datentr\u00e4gern, Dateien und Daten. Die Haftung von Robert Rittermann Wort &amp; Bild ist ausgeschlossen bei Fehlern an Datentr\u00e4gern, Dateien und Daten, die beim Datenimport auf das System des Auftraggebers entstehen. Die Haftung wird jedenfalls auf die vom Auftraggeber erhaltene Verg\u00fctung beschr\u00e4nkt.<\/p>\n\n\n\n<p><\/p>\n\n\n\n<p>\u200b\u200b<strong>6. Pflichten des Auftraggebers<\/strong><\/p>\n\n\n\n<p>\u200b6.1. Der Auftraggeber stellt Robert Rittermann Wort &amp; Bild vor Umsetzung des Entwurfs alle daf\u00fcr notwendigen Informationen und Ressourcen zur Verf\u00fcgung.<\/p>\n\n\n\n<p>\u200b6.2. Dem Auftraggeber wird lediglich ein Nutzungsrecht f\u00fcr die Vervielf\u00e4ltigung von bis zu 500.000 Exemplaren einger\u00e4umt, die durch die von Robert Rittermann Wort &amp; Bild erworbene Standardlizenz von <a href=\"https:\/\/www.istockphoto.com\/de\" target=\"_blank\" rel=\"noreferrer noopener\">iStockPhoto<\/a> begr\u00fcndet ist. Sollte der Auftraggeber eine h\u00f6here Vervielf\u00e4ltigung nutzen wollen, so hat der Auftraggeber eigenst\u00e4ndig eine erweiterte Lizenz der Bildrechte zu erwerben. Daf\u00fcr notwendige Informationen erh\u00e4lt der Auftraggeber auf Nachfrage direkt bei Robert Rittermann Wort &amp; Bild.<\/p>\n\n\n\n<p>\u200b\u200b<strong>7. Haftung<\/strong><\/p>\n\n\n\n<p>\u200b7.1. Robert Rittermann Wort &amp; Bild haftet nur f\u00fcr Sch\u00e4den, die Robert Rittermann Wort &amp; Bild selbst vors\u00e4tzlich oder grob fahrl\u00e4ssig herbeif\u00fchrt. Das gilt auch f\u00fcr Sch\u00e4den, die aus einer positiven Vertragsverletzung oder einer unerlaubten Handlung resultieren.<\/p>\n\n\n\n<p>\u200b7.2. Die Haftung von Robert Rittermann Wort &amp; Bild wird auf die vom Auftraggeber erhaltenen Verg\u00fctungen beschr\u00e4nkt.<\/p>\n\n\n\n<p>\u200b7.3. Die Zusendung und R\u00fccksendung von Arbeiten und Vorlagen erfolgt auf Gefahr und f\u00fcr Rechnung des Auftraggebers.<\/p>\n\n\n\n<p>\u200b7.4. Mit der Abnahme des Werkes \u00fcbernimmt der Auftraggeber die Verantwortung f\u00fcr die Richtigkeit von Text und Bild.<\/p>\n\n\n\n<p>\u200b7.5. Robert Rittermann Wort &amp; Bild haftet nicht f\u00fcr die wettbewerbs- und markenrechtliche Zul\u00e4ssigkeit und Eintragungsf\u00e4higkeit der Entw\u00fcrfe und sonstigen Designarbeiten.<\/p>\n\n\n\n<p>\u200b7.6. R\u00fcgen und Beanstandungen gleich welcher Art sind innerhalb einer Woche nach Lieferung schriftlich bei Robert Rittermann Wort &amp; Bild geltend zu machen. Danach gilt das Werk als vertragsgem\u00e4\u00df und m\u00e4ngelfrei abgenommen.<\/p>\n\n\n\n<p>\u200b7.7. Der Auftraggeber unterliegt den Nutzungsrechten der Standardlizenz von <a href=\"https:\/\/www.istockphoto.com\/de\">iStockPhoto<\/a> (siehe Punkt 1.8.). Robert Rittermann Wort &amp; Bild kann bei einem Versto\u00df gegen diese Nutzungsrechte seitens des Auftraggebers nicht haftbar gemacht werden.<\/p>\n\n\n\n<p>\u200b\u200b<\/p>\n\n\n\n<p><strong>8. Gestaltungsfreiheit und Vorlagen<\/strong><\/p>\n\n\n\n<p>\u200b8.1. Im Rahmen des Auftrags besteht f\u00fcr Robert Rittermann Wort &amp; Bild Gestaltungsfreiheit. W\u00fcnscht der Auftraggeber w\u00e4hrend oder nach der Produktion \u00c4nderungen, so hat er die daraus entstehenden Mehrkosten zu tragen.<\/p>\n\n\n\n<p>\u200b8.2. Verz\u00f6gert sich die Durchf\u00fchrung des Auftrags aus Gr\u00fcnden, die der Auftraggeber zu vertreten hat, so kann Robert Rittermann Wort &amp; Bild eine angemessene Erh\u00f6hung der Verg\u00fctung (insbesondere f\u00fcr \u201eStehzeiten\u201c) verlangen. Robert Rittermann Wort &amp; Bild kann auch Schadenersatzanspr\u00fcche (insbesondere f\u00fcr entgangene Gesch\u00e4fte) geltend machen.<\/p>\n\n\n\n<p>\u200b8.3. Der Auftraggeber versichert, dass er zur Verwendung aller an Robert Rittermann Wort &amp; Bild \u00fcbergebenen Vorlagen berechtigt ist und dass diese Vorlagen von Rechten Dritter frei sind. Sollte er entgegen dieser Versicherung nicht zur Verwendung berechtigt oder sollten die Vorlagen nicht frei von Rechten Dritter sein, stellt der Auftraggeber Robert Rittermann Wort &amp; Bild im Innenverh\u00e4ltnis von allen Ersatzanspr\u00fcchen Dritter frei.<\/p>\n\n\n\n<p>\u200b<\/p>\n\n\n\n<p><strong>9. Vertragsaufl\u00f6sung<\/strong><br><br>9.1 Sollte der Auftraggeber den Vertrag vorzeitig k\u00fcndigen, erh\u00e4lt der Grafikdesigner die vereinbarte Verg\u00fctung, muss sich jedoch ersparte Aufwendungen oder durchgef\u00fchrte oder b\u00f6swillig unterlassene Ersatzauftr\u00e4ge anrechnen lassen (\u00a7 649 BGB). Die Parteien vereinbaren eine Pauschalierung der bis zu der K\u00fcndigung erbrachten Leistungen und Aufwendungen wie folgt: bei K\u00fcndigung vor Arbeitsbeginn 10\u2009Prozent der vereinbarten Verg\u00fctung. Dar\u00fcber hinaus sind abweichende individuelle Vereinbarungen m\u00f6glich. Dem Auftraggeber bleibt der Beweis tats\u00e4chlich geringerer Leistungen oder h\u00f6herer Aufwendungen vorbehalten.<\/p>\n\n\n\n<p>\u200b\u200b<\/p>\n\n\n\n<p><strong>10. Schlussbestimmungen<\/strong><\/p>\n\n\n\n<p>\u200b<\/p>\n\n\n\n<p>10.1. F\u00fcr den Fall, dass der Auftraggeber keinen allgemeinen Gerichtsstand in der Bundesrepublik Deutschland hat oder seinen Sitz oder gew\u00f6hnlichen Aufenthalt nach Vertragsabschluss ins Ausland verlegt, wird der Sitz von Robert Rittermann Wort &amp; Bild als Gerichtsstand vereinbart.<\/p>\n\n\n\n<p>\u200b10.2. Ist eine der vorstehenden Gesch\u00e4ftsbedingungen unwirksam, so ber\u00fchrt dies die Wirksamkeit der \u00fcbrigen Gesch\u00e4ftsbedingungen nicht.<\/p>\n\n\n\n<p>\u200b10.3. Allgemeine Gesch\u00e4ftsbedingungen des Auftraggebers gelten nicht.<\/p>\n<\/div>\n\n\n\n<div class=\"wp-block-column is-layout-flow wp-block-column-is-layout-flow\"><\/div>\n<\/div>\n","protected":false},"excerpt":{"rendered":"<p>Diese Allgemeinen Gesch\u00e4ftsbedingungen gelten f\u00fcr alle zwischen Robert Rittermann Wort &amp; Bild und dem Auftraggeber abgeschlossenen Vertr\u00e4ge. Die Gesch\u00e4ftsbedingungen sind vereinbart, wenn der Auftraggeber ihnen nicht unverz\u00fcglich nach dem Zugang widerspricht. 1. Urheberrecht und Nutzungsrechte \u200b\u200b1.1. Die Entw\u00fcrfe und Reinzeichnungen d\u00fcrfen ohne ausdr\u00fcckliche Einwilligung von Robert Rittermann Wort &amp; Bild weder im Original noch bei [&hellip;]<\/p>\n","protected":false},"author":1,"featured_media":0,"parent":0,"menu_order":0,"comment_status":"closed","ping_status":"closed","template":"","meta":{"footnotes":""},"class_list":["post-1127","page","type-page","status-publish","hentry"],"_links":{"self":[{"href":"https:\/\/robertrittermann.com\/index.php\/wp-json\/wp\/v2\/pages\/1127","targetHints":{"allow":["GET"]}}],"collection":[{"href":"https:\/\/robertrittermann.com\/index.php\/wp-json\/wp\/v2\/pages"}],"about":[{"href":"https:\/\/robertrittermann.com\/index.php\/wp-json\/wp\/v2\/types\/page"}],"author":[{"embeddable":true,"href":"https:\/\/robertrittermann.com\/index.php\/wp-json\/wp\/v2\/users\/1"}],"replies":[{"embeddable":true,"href":"https:\/\/robertrittermann.com\/index.php\/wp-json\/wp\/v2\/comments?post=1127"}],"version-history":[{"count":4,"href":"https:\/\/robertrittermann.com\/index.php\/wp-json\/wp\/v2\/pages\/1127\/revisions"}],"predecessor-version":[{"id":1132,"href":"https:\/\/robertrittermann.com\/index.php\/wp-json\/wp\/v2\/pages\/1127\/revisions\/1132"}],"wp:attachment":[{"href":"https:\/\/robertrittermann.com\/index.php\/wp-json\/wp\/v2\/media?parent=1127"}],"curies":[{"name":"wp","href":"https:\/\/api.w.org\/{rel}","templated":true}]}}